{"id":7819,"date":"2025-02-22T17:06:13","date_gmt":"2025-02-22T22:06:13","guid":{"rendered":"https:\/\/dermazumspa.com\/?page_id=7819"},"modified":"2025-09-01T10:07:17","modified_gmt":"2025-09-01T15:07:17","slug":"reservar","status":"publish","type":"page","link":"https:\/\/rentalcarchile.com\/en\/reservar\/","title":{"rendered":"Reservar"},"content":{"rendered":"<div data-elementor-type=\"wp-page\" data-elementor-id=\"7819\" class=\"elementor elementor-7819\" data-elementor-post-type=\"page\">\n\t\t\t\t<div class=\"elementor-element elementor-element-cc10eaa e-con-full e-flex e-con e-parent\" data-id=\"cc10eaa\" data-element_type=\"container\" data-settings=\"{&quot;background_background&quot;:&quot;slideshow&quot;,&quot;background_slideshow_gallery&quot;:[{&quot;id&quot;:7113,&quot;url&quot;:&quot;https:\\\/\\\/rentalcarchile.com\\\/wp-content\\\/uploads\\\/couple-looking-photos-road-trip-scaled.jpg&quot;},{&quot;id&quot;:3740,&quot;url&quot;:&quot;https:\\\/\\\/rentalcarchile.com\\\/wp-content\\\/uploads\\\/2023\\\/12\\\/blog-3-1.jpg&quot;},{&quot;id&quot;:3532,&quot;url&quot;:&quot;https:\\\/\\\/rentalcarchile.com\\\/wp-content\\\/uploads\\\/2024\\\/01\\\/gallery-01.jpg&quot;}],&quot;background_slideshow_slide_duration&quot;:2000,&quot;background_slideshow_ken_burns&quot;:&quot;yes&quot;,&quot;background_slideshow_loop&quot;:&quot;yes&quot;,&quot;background_slideshow_slide_transition&quot;:&quot;fade&quot;,&quot;background_slideshow_transition_duration&quot;:500,&quot;background_slideshow_ken_burns_zoom_direction&quot;:&quot;in&quot;}\">\n\t\t\t\t<div class=\"elementor-element elementor-element-8fe6fb0 elementor-widget elementor-widget-slider_revolution\" data-id=\"8fe6fb0\" data-element_type=\"widget\" data-widget_type=\"slider_revolution.default\">\n\t\t\t\t<div class=\"elementor-widget-container\">\n\t\t\t\t\t\n\t\t<div class=\"wp-block-themepunch-revslider\">\n\t\t\t\t<p class=\"rs-p-wp-fix\"><\/p>\n\t\t\t\t<sr7-module data-alias=\"home-6\" data-id=\"5\" id=\"SR7_5_1\" class=\"rs-ov-hidden\" data-version=\"6.7.23\">\n\t\t\t\t\t<sr7-adjuster><\/sr7-adjuster>\n\t\t\t\t\t<sr7-content>\n\t\t\t\t\t\t<sr7-slide id=\"SR7_5_1-18\" data-key=\"18\">\n\t\t\t\t\t\t\t<sr7-bg id=\"SR7_5_1-18-2\" class=\"sr7-layer\"><noscript><img decoding=\"async\" src=\"https:\/\/rentalcarchile.com\/wp-content\/uploads\/portada-1.jpg\" alt=\"\" title=\"portada-1\"><\/noscript><\/sr7-bg>\n\t\t\t\t\t\t\t<h1 id=\"SR7_5_1-18-1\" class=\"sr7-layer\">Alquila tu camioneta pickup y viaja sin l\u00edmites<\/h1>\n\t\t\t\t\t\t<\/sr7-slide>\n\t\t\t\t\t\t<sr7-slide id=\"SR7_5_1-19\" data-key=\"19\">\n\t\t\t\t\t\t\t<sr7-bg id=\"SR7_5_1-19-2\" class=\"sr7-layer\"><noscript><img decoding=\"async\" src=\"https:\/\/rentalcarchile.com\/wp-content\/uploads\/portada-04-1.jpg\" alt=\"\" title=\"portada-04\"><\/noscript><\/sr7-bg>\n\t\t\t\t\t\t\t<h1 id=\"SR7_5_1-19-1\" class=\"sr7-layer\">Alquiler de autos modernos al mejor precio<\/h1>\n\t\t\t\t\t\t<\/sr7-slide>\n\t\t\t\t\t\t<sr7-slide id=\"SR7_5_1-20\" data-key=\"20\">\n\t\t\t\t\t\t\t<sr7-bg id=\"SR7_5_1-20-2\" class=\"sr7-layer\"><noscript><img decoding=\"async\" src=\"https:\/\/rentalcarchile.com\/wp-content\/uploads\/portada-5-1.jpg\" alt=\"\" title=\"portada-5\"><\/noscript><\/sr7-bg>\n\t\t\t\t\t\t\t<h1 id=\"SR7_5_1-20-1\" class=\"sr7-layer\">Renta un kia y explora nuevos destinos<\/h1>\n\t\t\t\t\t\t<\/sr7-slide>\n\t\t\t\t\t\t<sr7-slide id=\"SR7_5_1-25\" data-key=\"25\">\n\t\t\t\t\t\t\t<sr7-bg id=\"SR7_5_1-25-2\" class=\"sr7-layer\"><noscript><img decoding=\"async\" src=\"https:\/\/rentalcarchile.com\/wp-content\/uploads\/Imagen-de-WhatsApp-2025-08-22-a-las-15.46.26_4ac284cb.jpg\" alt=\"\" title=\"Imagen de WhatsApp 2025-08-22 a las 15.46.26_4ac284cb\"><\/noscript><\/sr7-bg>\n\t\t\t\t\t\t\t<h1 id=\"SR7_5_1-25-1\" class=\"sr7-layer\">Maneja un BMW y sientes el verdadero lujo<\/h1>\n\t\t\t\t\t\t<\/sr7-slide>\n\t\t\t\t\t\t<sr7-slide id=\"SR7_5_1-17\" data-key=\"17\">\n\t\t\t\t\t\t<\/sr7-slide>\n\t\t\t\t\t<\/sr7-content>\n\t\t\t\t\t<image_lists style=\"display:none\">\n\t\t\t\t\t\t<img data-src=\"\/\/rentalcarchile.com\/wp-content\/uploads\/portada-1.jpg\" data-libid=\"10236\" data-lib=\"medialibrary\" title=\"portada-1\" width=\"0\" height=\"0\" data-dbsrc=\"Ly9yZW50YWxjYXJjaGlsZS5jb20vd3AtY29udGVudC91cGxvYWRzL3BvcnRhZGEtMS5qcGc=\"\/>\n\t\t\t\t\t\t<img data-src=\"\/\/rentalcarchile.com\/wp-content\/uploads\/portada-04-1.jpg\" data-libid=\"10050\" data-lib=\"medialibrary\" title=\"portada-04\" width=\"0\" height=\"0\" data-dbsrc=\"Ly9yZW50YWxjYXJjaGlsZS5jb20vd3AtY29udGVudC91cGxvYWRzL3BvcnRhZGEtMDQtMS5qcGc=\"\/>\n\t\t\t\t\t\t<img data-src=\"\/\/rentalcarchile.com\/wp-content\/uploads\/portada-5-1.jpg\" data-libid=\"10131\" data-lib=\"medialibrary\" title=\"portada-5\" width=\"0\" height=\"0\" data-dbsrc=\"Ly9yZW50YWxjYXJjaGlsZS5jb20vd3AtY29udGVudC91cGxvYWRzL3BvcnRhZGEtNS0xLmpwZw==\"\/>\n\t\t\t\t\t\t<img loading=\"lazy\" data-src=\"\/\/rentalcarchile.com\/wp-content\/uploads\/Imagen-de-WhatsApp-2025-08-22-a-las-15.46.26_4ac284cb.jpg\" data-libid=\"10606\" data-lib=\"medialibrary\" title=\"Imagen de WhatsApp 2025-08-22 a las 15.46.26_4ac284cb\" width=\"0\" height=\"0\" data-dbsrc=\"Ly9yZW50YWxjYXJjaGlsZS5jb20vd3AtY29udGVudC91cGxvYWRzL0ltYWdlbi1kZS1XaGF0c0FwcC0yMDI1LTA4LTIyLWEtbGFzLTE1LjQ2LjI2XzRhYzI4NGNiLmpwZw==\"\/>\n\t\t\t\t\t<\/image_lists>\n\t\t\t\t<\/sr7-module>\n\t\t\t\t<script>\n\t\t\t\t\tSR7.PMH ??={}; SR7.PMH[\"SR7_5_1\"] = {cn:100,state:false,fn: function() { if (_tpt!==undefined && _tpt.prepareModuleHeight !== undefined) {  _tpt.prepareModuleHeight({id:\"SR7_5_1\",el:[750,750,687,607,400],type:'standard',shdw:'0',gh:[750,750,688,608,400],gw:[1320,1320,1024,778,480],vpt:['-100px&#039;,&#039;-100px&#039;,&#039;-100px&#039;,&#039;-100px&#039;,&#039;-100px'],size:{fullWidth:true, fullHeight:false},mh:'0',onh:0,onw:0,bg:{color:'{\"type\":\"solid\",\"orig\":\"#f3f4f7\",\"string\":\"rgba(243, 244, 247, 1)\"}'}});   SR7.PMH[\"SR7_5_1\"].state=true;} else if(SR7.PMH[\"SR7_5_1\"].cn-->0)\tsetTimeout( SR7.PMH[\"SR7_5_1\"].fn,19);}};SR7.PMH[\"SR7_5_1\" ].fn();\n\t\t\t\t<\/script>\n<\/div>\n\n\t\t\t\t\t\t<\/div>\n\t\t\t\t<\/div>\n\t\t\t\t<\/div>\n\t\t<div class=\"elementor-element elementor-element-41f3b5f e-transform e-flex e-con-boxed e-con e-parent\" data-id=\"41f3b5f\" data-element_type=\"container\" data-settings=\"{&quot;background_background&quot;:&quot;classic&quot;,&quot;_transform_translateX_effect&quot;:{&quot;unit&quot;:&quot;px&quot;,&quot;size&quot;:&quot;&quot;,&quot;sizes&quot;:[]},&quot;_transform_translateX_effect_tablet&quot;:{&quot;unit&quot;:&quot;px&quot;,&quot;size&quot;:&quot;&quot;,&quot;sizes&quot;:[]},&quot;_transform_translateX_effect_mobile_extra&quot;:{&quot;unit&quot;:&quot;px&quot;,&quot;size&quot;:&quot;&quot;,&quot;sizes&quot;:[]},&quot;_transform_translateX_effect_mobile&quot;:{&quot;unit&quot;:&quot;px&quot;,&quot;size&quot;:&quot;&quot;,&quot;sizes&quot;:[]},&quot;_transform_translateY_effect&quot;:{&quot;unit&quot;:&quot;px&quot;,&quot;size&quot;:&quot;&quot;,&quot;sizes&quot;:[]},&quot;_transform_translateY_effect_tablet&quot;:{&quot;unit&quot;:&quot;px&quot;,&quot;size&quot;:&quot;&quot;,&quot;sizes&quot;:[]},&quot;_transform_translateY_effect_mobile_extra&quot;:{&quot;unit&quot;:&quot;px&quot;,&quot;size&quot;:&quot;&quot;,&quot;sizes&quot;:[]},&quot;_transform_translateY_effect_mobile&quot;:{&quot;unit&quot;:&quot;px&quot;,&quot;size&quot;:&quot;&quot;,&quot;sizes&quot;:[]}}\">\n\t\t\t\t\t<div class=\"e-con-inner\">\n\t\t<div class=\"elementor-element elementor-element-a2ab375 e-con-full e-flex e-con e-child\" data-id=\"a2ab375\" data-element_type=\"container\" data-settings=\"{&quot;background_background&quot;:&quot;classic&quot;}\">\n\t\t<div class=\"elementor-element elementor-element-2cb2a38 e-con-full e-flex e-con e-child\" data-id=\"2cb2a38\" data-element_type=\"container\" data-settings=\"{&quot;background_background&quot;:&quot;classic&quot;}\">\n\t\t\t\t<div class=\"elementor-element elementor-element-b635947 jet-smart-filter-content-position-line jet-smart-filter-group-position-line jet-smart-filter-content-position-line jet-smart-filter-group-position-column elementor-widget elementor-widget-jet-smart-filters-select\" data-id=\"b635947\" data-element_type=\"widget\" data-widget_type=\"jet-smart-filters-select.default\">\n\t\t\t\t<div class=\"elementor-widget-container\">\n\t\t\t\t\t<div class=\"jet-smart-filters-hierarchy jet-filter\" data-indexer-rule=\"show\" data-show-counter=\"\" data-change-counter=\"always\"><div class=\"jet-filters-group\">\n<div class=\"jet-select\" data-query-type=\"tax_query\" data-query-var=\"transmision1\" data-smart-filter=\"select\" data-filter-id=\"7351\" data-apply-type=\"ajax\" data-content-provider=\"jet-engine\" data-additional-providers=\"\" data-query-id=\"car\" data-active-label=\"Rango fecha\" data-layout-options=\"{&quot;show_label&quot;:&quot;&quot;,&quot;display_options&quot;:{&quot;show_items_label&quot;:false,&quot;show_decorator&quot;:false,&quot;filter_image_size&quot;:&quot;full&quot;,&quot;show_counter&quot;:false}}\" data-query-var-suffix=\"\" data-apply-on=\"submit\" data-hierarchical=\"1\">\n\t\t\t\t<select\n\t\t\tclass=\"jet-select__control depth-0\"\n\t\t\tname=\"transmision1\"\n\t\t\t\t\t\taria-label=\"Rango fecha\"\n\t\t>\n\t\t\t\t\t<option value=\"\">Choose transmission <\/option>\n\t\t\n\t\t\t\t\t<option\n\t\t\t\tvalue=\"119\"\n\t\t\t\tdata-label=\"Autom\u00e1tico\"\n\t\t\t\tdata-counter-prefix=\"\"\n\t\t\t\tdata-counter-suffix=\"\"\n\t\t\t\t\t\t\t\t\t\t\t>Autom\u00e1tico<\/option>\n\t\t\t\t\t\t<option\n\t\t\t\tvalue=\"118\"\n\t\t\t\tdata-label=\"Mec\u00e1nico\"\n\t\t\t\tdata-counter-prefix=\"\"\n\t\t\t\tdata-counter-suffix=\"\"\n\t\t\t\t\t\t\t\t\t\t\t>Mec\u00e1nico<\/option>\n\t\t\t\t\t\t<option\n\t\t\t\tvalue=\"122\"\n\t\t\t\tdata-label=\"Todas las transmisiones\"\n\t\t\t\tdata-counter-prefix=\"\"\n\t\t\t\tdata-counter-suffix=\"\"\n\t\t\t\t\t\t\t\t\t\t\t>Todas las transmisiones<\/option>\n\t\t\t<\/select>\n\t<\/div>\n<div class=\"jet-select\" data-query-type=\"tax_query\" data-query-var=\"tipo1\" data-smart-filter=\"select\" data-filter-id=\"7351\" data-apply-type=\"ajax\" data-content-provider=\"jet-engine\" data-additional-providers=\"\" data-query-id=\"car\" data-active-label=\"Rango fecha\" data-layout-options=\"{&quot;show_label&quot;:&quot;&quot;,&quot;display_options&quot;:{&quot;show_items_label&quot;:false,&quot;show_decorator&quot;:false,&quot;filter_image_size&quot;:&quot;full&quot;,&quot;show_counter&quot;:false}}\" data-query-var-suffix=\"\" data-apply-on=\"submit\" data-hierarchical=\"1\">\n\t\t\t\t<select\n\t\t\tclass=\"jet-select__control depth-1\"\n\t\t\tname=\"tipo1\"\n\t\t\t\t\t\taria-label=\"Rango fecha\"\n\t\t>\n\t\t\t\t\t<option value=\"\">Choose vehicle <\/option>\n\t\t\n\t\t<\/select>\n\t<\/div>\n<\/div>\n<\/div>\t\t\t\t<\/div>\n\t\t\t\t<\/div>\n\t\t\t\t<\/div>\n\t\t<div class=\"elementor-element elementor-element-bf40f6e e-con-full e-flex e-con e-child\" data-id=\"bf40f6e\" data-element_type=\"container\" data-settings=\"{&quot;background_background&quot;:&quot;classic&quot;}\">\n\t\t\t\t<div class=\"elementor-element elementor-element-ebef311 elementor-widget elementor-widget-jet-smart-filters-apply-button\" data-id=\"ebef311\" data-element_type=\"widget\" data-widget_type=\"jet-smart-filters-apply-button.default\">\n\t\t\t\t<div class=\"elementor-widget-container\">\n\t\t\t\t\t<div class=\"jet-smart-filters-apply-button jet-filter\"><div class=\"apply-filters\"  data-content-provider=\"jet-engine\" data-query-id=\"car\" data-additional-providers=\"\" data-apply-type=\"ajax\" data-redirect=\"yes\" data-redirect-path=\"https:\/\/rentalcarchile.com\/lista-de-vehiculos\/\">\n\t<button\n\t\ttype=\"button\"\n\t\tclass=\"apply-filters__button\"\n\t\t\t\t\t>SEARCH<\/button>\n<\/div><\/div>\t\t\t\t<\/div>\n\t\t\t\t<\/div>\n\t\t\t\t<\/div>\n\t\t\t\t<\/div>\n\t\t\t\t\t<\/div>\n\t\t\t\t<\/div>\n\t\t\t\t<\/div>","protected":false},"excerpt":{"rendered":"<p>Elige tipo de transmisi\u00f3nAutom\u00e1ticoMec\u00e1nico Elige tipo de veh\u00edculo BUSCAR VEH\u00cdCULO<\/p>","protected":false},"author":1,"featured_media":11253,"parent":0,"menu_order":0,"comment_status":"closed","ping_status":"closed","template":"elementor_header_footer","meta":{"_acf_changed":false,"_joinchat":[],"footnotes":""},"class_list":["post-7819","page","type-page","status-publish","has-post-thumbnail","hentry"],"acf":[],"_links":{"self":[{"href":"https:\/\/rentalcarchile.com\/en\/wp-json\/wp\/v2\/pages\/7819","targetHints":{"allow":["GET"]}}],"collection":[{"href":"https:\/\/rentalcarchile.com\/en\/wp-json\/wp\/v2\/pages"}],"about":[{"href":"https:\/\/rentalcarchile.com\/en\/wp-json\/wp\/v2\/types\/page"}],"author":[{"embeddable":true,"href":"https:\/\/rentalcarchile.com\/en\/wp-json\/wp\/v2\/users\/1"}],"replies":[{"embeddable":true,"href":"https:\/\/rentalcarchile.com\/en\/wp-json\/wp\/v2\/comments?post=7819"}],"version-history":[{"count":23,"href":"https:\/\/rentalcarchile.com\/en\/wp-json\/wp\/v2\/pages\/7819\/revisions"}],"predecessor-version":[{"id":9906,"href":"https:\/\/rentalcarchile.com\/en\/wp-json\/wp\/v2\/pages\/7819\/revisions\/9906"}],"wp:featuredmedia":[{"embeddable":true,"href":"https:\/\/rentalcarchile.com\/en\/wp-json\/wp\/v2\/media\/11253"}],"wp:attachment":[{"href":"https:\/\/rentalcarchile.com\/en\/wp-json\/wp\/v2\/media?parent=7819"}],"curies":[{"name":"wp","href":"https:\/\/api.w.org\/{rel}","templated":true}]}}